{"id":4273,"date":"2017-06-25T00:29:04","date_gmt":"2017-06-24T22:29:04","guid":{"rendered":"http:\/\/themes.89elements.com\/definity-data\/?page_id=4273"},"modified":"2021-07-02T16:25:52","modified_gmt":"2021-07-02T14:25:52","slug":"agency-2-mp","status":"publish","type":"page","link":"https:\/\/hevige.com\/en\/","title":{"rendered":"Home"},"content":{"rendered":"<p>[vc_row background=&#8221;#000000&#8243;][vc_column]\n\t\t\t<!-- START HomeTopVideoNew REVOLUTION SLIDER 6.2.22 --><p class=\"rs-p-wp-fix\"><\/p>\n\t\t\t<rs-module-wrap id=\"rev_slider_19_1_wrapper\" data-source=\"gallery\" style=\"background:transparent;padding:0;\">\n\t\t\t\t<rs-module id=\"rev_slider_19_1\" style=\"\" data-version=\"6.2.22\">\n\t\t\t\t\t<rs-slides>\n\t\t\t\t\t\t<rs-slide data-key=\"rs-47\" data-title=\"Slide 1\" data-duration=\"4500ms\" data-anim=\"ei:d;eo:d;s:0ms;r:0;t:fade;sl:d;\" class=\"large-header\" id=\"large-header\">\n\t\t\t\t\t\t\t<img src=\"\/\/hevige.com\/wp-content\/uploads\/2021\/03\/black.png\" title=\"black\" width=\"1920\" height=\"1080\" class=\"rev-slidebg\" data-no-retina>\n\t\t\t\t\t\t\t<rs-bgvideo \n\t\t\t\t\t\t\t\tdata-video=\"w:100%;h:100%;nse:false;l:true;ptimer:false;\"\n\t\t\t\t\t\t\t\tdata-mp4=\"\/\/hevige.s3.eu-central-1.amazonaws.com\/home_new.mp4\"\n\t\t\t\t\t\t\t><\/rs-bgvideo>\n<!---->\t\t\t\t\t\t<\/rs-slide>\n\t\t\t\t\t<\/rs-slides>\n\t\t\t\t<\/rs-module>\n\t\t\t\t<script type=\"text\/javascript\">\n\t\t\t\t\tsetREVStartSize({c: 'rev_slider_19_1',rl:[1240,1024,778,480],el:[868,768,960,720],gw:[1240,1024,778,480],gh:[868,768,960,720],type:'hero',justify:'',layout:'fullscreen',offsetContainer:'',offset:'',mh:\"0\"});\n\t\t\t\t\tvar\trevapi19,\n\t\t\t\t\t\ttpj;\n\t\t\t\t\tfunction revinit_revslider191() {\n\t\t\t\t\tjQuery(function() {\n\t\t\t\t\t\ttpj = jQuery;\n\t\t\t\t\t\trevapi19 = tpj(\"#rev_slider_19_1\");\n\t\t\t\t\t\tif(revapi19==undefined || revapi19.revolution == undefined){\n\t\t\t\t\t\t\trevslider_showDoubleJqueryError(\"rev_slider_19_1\");\n\t\t\t\t\t\t}else{\n\t\t\t\t\t\t\trevapi19.revolution({\n\t\t\t\t\t\t\t\tsliderType:\"hero\",\n\t\t\t\t\t\t\t\tsliderLayout:\"fullscreen\",\n\t\t\t\t\t\t\t\tduration:\"5000ms\",\n\t\t\t\t\t\t\t\tvisibilityLevels:\"1240,1024,778,480\",\n\t\t\t\t\t\t\t\tgridwidth:\"1240,1024,778,480\",\n\t\t\t\t\t\t\t\tgridheight:\"868,768,960,720\",\n\t\t\t\t\t\t\t\tstartDelay:\"0ms\",\n\t\t\t\t\t\t\t\tperspective:600,\n\t\t\t\t\t\t\t\tperspectiveType:\"local\",\n\t\t\t\t\t\t\t\teditorheight:\"868,768,960,720\",\n\t\t\t\t\t\t\t\tresponsiveLevels:\"1240,1024,778,480\",\n\t\t\t\t\t\t\t\tprogressBar:{disableProgressBar:true},\n\t\t\t\t\t\t\t\tnavigation: {\n\t\t\t\t\t\t\t\t\tonHoverStop:false\n\t\t\t\t\t\t\t\t},\n\t\t\t\t\t\t\t\tfallbacks: {\n\t\t\t\t\t\t\t\t\tallowHTML5AutoPlayOnAndroid:true\n\t\t\t\t\t\t\t\t},\n\t\t\t\t\t\t\t});\n\t\t\t\t\t\t}\n\t\t\t\t\t\t\n\t\t\t\t\t});\n\t\t\t\t\t} \/\/ End of RevInitScript\n\t\t\t\tvar once_revslider191 = false;\n\t\t\t\tif (document.readyState === \"loading\") {document.addEventListener('readystatechange',function() { if((document.readyState === \"interactive\" || document.readyState === \"complete\") && !once_revslider191 ) { once_revslider191 = true; revinit_revslider191();}});} else {once_revslider191 = true; revinit_revslider191();}\n\t\t\t\t<\/script>\n\t\t\t\t<script>\n\t\t\t\t\tvar htmlDivCss = unescape(\".rev_slider%20rs-sbg-wrap%3Aafter%20%7B%0A%20%20%0A%20%20%20%20width%3A%20100%25%3B%0A%20%20%20%20height%3A%20100%25%3B%0A%20%20%20%20content%3A%20%22%22%3B%0A%20%20%20%20position%3A%20absolute%3B%0A%20%20%20%20left%3A%200%3B%0A%20%20%20%20top%3A%200%3B%0A%20%20%20%20pointer-events%3A%20none%3B%0A%20%0A%20%20%20%20%2F%2A%20black%20overlay%20with%2050%25%20transparency%20%2A%2F%0A%20%20%20%20background%3A%20rgba%2817%2C%2017%2C%2017%2C%200.4%29%3B%0A%7D%0A%0A.anim-dots-revslider-fix%20%7B%0A%09left%3A%201px%20%21important%3B%20%0A%20%20%20%20top%3A%201px%20%21important%3B%20%20%0A%7D\");\n\t\t\t\t\tvar htmlDiv = document.getElementById('rs-plugin-settings-inline-css');\n\t\t\t\t\tif(htmlDiv) {\n\t\t\t\t\t\thtmlDiv.innerHTML = htmlDiv.innerHTML + htmlDivCss;\n\t\t\t\t\t}else{\n\t\t\t\t\t\tvar htmlDiv = document.createElement('div');\n\t\t\t\t\t\thtmlDiv.innerHTML = '<style>' + htmlDivCss + '<\/style>';\n\t\t\t\t\t\tdocument.getElementsByTagName('head')[0].appendChild(htmlDiv.childNodes[0]);\n\t\t\t\t\t}\n\t\t\t\t<\/script>\n\t\t\t<\/rs-module-wrap>\n\t\t\t<!-- END REVOLUTION SLIDER -->\n[\/vc_column][\/vc_row][vc_row][vc_column][vc_empty_space height=&#8221;100px&#8221;]\n        <header class=\"sec-heading\" >\n          <h2 >Our Products<\/h2>\n          \n        <\/header>[vc_empty_space height=&#8221;50px&#8221;][\/vc_column][\/vc_row][vc_row][vc_column width=&#8221;1\/3&#8243;]\n        \n        <div class=\"ft-image-hover\">\n            <div class=\"ft-item\"  style=\"background-image: url(https:\/\/hevige.com\/wp-content\/uploads\/2021\/07\/top.jpg);\">\n                <div  class=\"bg-overlay\">\n\n                    <div class=\"content-wrapper\"  style=\"left: 25px; \">\n                        <h3>M1<\/h3>\n                        <p><\/p><a  class=\"btn-ghost btn-ghost-light ft-button\" href=\"https:\/\/hevige.com\/en\/kaufen\/#m1\" title=\"Order now\" >Order now<\/a>\n                    <\/div>\n\n                <\/div>\n            <\/div>\n        <\/div>[\/vc_column][vc_column width=&#8221;1\/3&#8243;]\n        \n        <div class=\"ft-image-hover\">\n            <div class=\"ft-item\"  style=\"background-image: url(https:\/\/hevige.com\/wp-content\/uploads\/2021\/07\/finne-seitenansicht-reduced.png);\">\n                <div  class=\"bg-overlay\">\n\n                    <div class=\"content-wrapper\"  style=\"left: 25px; \">\n                        <h3>Finset<\/h3>\n                        <p><\/p><a  class=\"btn-ghost btn-ghost-light ft-button\" href=\"https:\/\/hevige.com\/en\/kaufen\/#finset\" title=\"Order now\" >Order now<\/a>\n                    <\/div>\n\n                <\/div>\n            <\/div>\n        <\/div>[\/vc_column][vc_column width=&#8221;1\/3&#8243;]\n        \n        <div class=\"ft-image-hover\">\n            <div class=\"ft-item\"  style=\"background-image: url(https:\/\/hevige.com\/wp-content\/uploads\/2021\/07\/light-handle-reduced.jpg);\">\n                <div  class=\"bg-overlay\">\n\n                    <div class=\"content-wrapper\"  style=\"left: 25px; \">\n                        <h3>Light Handle<\/h3>\n                        <p><\/p><a  class=\"btn-ghost btn-ghost-light ft-button\" href=\"https:\/\/hevige.com\/en\/kaufen\/#handle\" title=\"Order now\" >Order now<\/a>\n                    <\/div>\n\n                <\/div>\n            <\/div>\n        <\/div>[\/vc_column][\/vc_row][vc_row][vc_column][vc_empty_space height=&#8221;60px&#8221;]\n        <div class=\"wow\"  data-wow-duration=\"1.5s\" data-wow-delay=\"2s\">\n        <div class=\"btn_align_center\">\n            <a href=\"https:\/\/hevige.com\/en\/m1\/\" id=\"d-custom-vc-btn-style-0\" class=\"btn-ghost\" title=\"M1\">more information\n            <\/a>\n        <\/div><\/div>[vc_empty_space height=&#8221;100px&#8221;][\/vc_column][\/vc_row][vc_row background=&#8221;#000000&#8243;][vc_column][vc_empty_space height=&#8221;75px&#8221;][\/vc_column][\/vc_row][vc_row][vc_column][vc_empty_space height=&#8221;100px&#8221;]\n        <header class=\"sec-heading\" >\n          <h2 >The Brand<\/h2>\n          \n        <\/header>[\/vc_column][\/vc_row][vc_row][vc_column width=&#8221;1\/2&#8243;][vc_single_image image=&#8221;5115&#8243; img_size=&#8221;500&#215;176&#8243; alignment=&#8221;center&#8221;][\/vc_column][vc_column width=&#8221;1\/2&#8243;]\n        <div class=\"wow fadeIn\"  data-wow-duration=\"1s\" data-wow-delay=\"0.5s\">[vc_column_text]Das Bindeglied zwischen Wasseroberfl\u00e4che und dem Fahrer ist ausschlaggebend f\u00fcr euren Ridingstyle und verdient unsere gesamte Aufmerksamkeit. Unsere Boards unterst\u00fctzen eure Skills und bieten euch ein herausragendes Fahrvergn\u00fcgen.<\/p>\n<p>Hochwertigste Materialien, modernste Technik und leidenschaftliche Handarbeit machen unsere Boards einzigartig! Made in Germany![\/vc_column_text]<\/div>[\/vc_column][\/vc_row][vc_row][vc_column][vc_empty_space height=&#8221;60px&#8221;]\n        <div class=\"wow\"  data-wow-duration=\"1.5s\" data-wow-delay=\"2s\">\n        <div class=\"btn_align_center\">\n            <a href=\"https:\/\/hevige.com\/en\/unternehmen\/\" id=\"d-custom-vc-btn-style-1\" class=\"btn-ghost\" title=\"Company\">more information\n            <\/a>\n        <\/div><\/div>[vc_empty_space height=&#8221;100px&#8221;][\/vc_column][\/vc_row][vc_row background=&#8221;#000000&#8243;][vc_column][vc_empty_space height=&#8221;75px&#8221;][\/vc_column][\/vc_row][vc_row][vc_column][vc_empty_space height=&#8221;100px&#8221;]\n        <header class=\"sec-heading\" >\n          <h2 >Production<\/h2>\n          \n        <\/header>[vc_empty_space height=&#8221;50px&#8221;][\/vc_column][\/vc_row][vc_row background=&#8221;#ffffff&#8221;][vc_column no_gap_check=&#8221;no-gap&#8221;]<div id=\"pfolio-cpt\" class=\"portfolio-columns-fw\">\n                            <div class=\"pfolio-cpt-item portfolio-item col-md-4 post-4807 portfolio type-portfolio status-publish has-post-thumbnail hentry categories-produktion\">\n                                <div class=\"p-wrapper hover-default\">\n                                    <img width=\"2560\" height=\"1710\" src=\"https:\/\/hevige.com\/wp-content\/uploads\/2021\/07\/produktion-1.jpg\" class=\"attachment-post-thumbnail size-post-thumbnail wp-post-image\" alt=\"Hevige production 1\" loading=\"lazy\" srcset=\"https:\/\/hevige.com\/wp-content\/uploads\/2021\/07\/produktion-1.jpg 2560w, https:\/\/hevige.com\/wp-content\/uploads\/2021\/07\/produktion-1-300x200.jpg 300w, https:\/\/hevige.com\/wp-content\/uploads\/2021\/07\/produktion-1-1024x684.jpg 1024w, https:\/\/hevige.com\/wp-content\/uploads\/2021\/07\/produktion-1-768x513.jpg 768w, https:\/\/hevige.com\/wp-content\/uploads\/2021\/07\/produktion-1-1536x1026.jpg 1536w, https:\/\/hevige.com\/wp-content\/uploads\/2021\/07\/produktion-1-2048x1368.jpg 2048w, https:\/\/hevige.com\/wp-content\/uploads\/2021\/07\/produktion-1-16x12.jpg 16w\" sizes=\"(max-width: 2560px) 100vw, 2560px\" \/>\n                                    <div class=\"p-hover\">\n                                        <div class=\"p-content\">\n                                            <h4><\/h4>\n                                            <h6 class=\"subheading\"><\/h6>\n                                        <\/div>\n                                    <\/div>\n                                    \n                        <a class=\"open-btn open-gallery\" href=\"https:\/\/hevige.com\/wp-content\/uploads\/2021\/07\/produktion-1.jpg\">\n                            <i class=\"fa fa-expand\"><\/i>\n                        <\/a>\n                                <\/div>\n                            <\/div>\n                            <div class=\"pfolio-cpt-item portfolio-item col-md-4 post-4805 portfolio type-portfolio status-publish has-post-thumbnail hentry categories-produktion\">\n                                <div class=\"p-wrapper hover-default\">\n                                    <img width=\"2560\" height=\"1710\" src=\"https:\/\/hevige.com\/wp-content\/uploads\/2021\/07\/produktion-2.jpg\" class=\"attachment-post-thumbnail size-post-thumbnail wp-post-image\" alt=\"Hevige production 2\" loading=\"lazy\" srcset=\"https:\/\/hevige.com\/wp-content\/uploads\/2021\/07\/produktion-2.jpg 2560w, https:\/\/hevige.com\/wp-content\/uploads\/2021\/07\/produktion-2-300x200.jpg 300w, https:\/\/hevige.com\/wp-content\/uploads\/2021\/07\/produktion-2-1024x684.jpg 1024w, https:\/\/hevige.com\/wp-content\/uploads\/2021\/07\/produktion-2-768x513.jpg 768w, https:\/\/hevige.com\/wp-content\/uploads\/2021\/07\/produktion-2-1536x1026.jpg 1536w, https:\/\/hevige.com\/wp-content\/uploads\/2021\/07\/produktion-2-2048x1368.jpg 2048w, https:\/\/hevige.com\/wp-content\/uploads\/2021\/07\/produktion-2-16x12.jpg 16w\" sizes=\"(max-width: 2560px) 100vw, 2560px\" \/>\n                                    <div class=\"p-hover\">\n                                        <div class=\"p-content\">\n                                            <h4><\/h4>\n                                            <h6 class=\"subheading\"><\/h6>\n                                        <\/div>\n                                    <\/div>\n                                    \n                        <a class=\"open-btn open-gallery\" href=\"https:\/\/hevige.com\/wp-content\/uploads\/2021\/07\/produktion-2.jpg\">\n                            <i class=\"fa fa-expand\"><\/i>\n                        <\/a>\n                                <\/div>\n                            <\/div>\n                            <div class=\"pfolio-cpt-item portfolio-item col-md-4 post-4801 portfolio type-portfolio status-publish has-post-thumbnail hentry categories-produktion\">\n                                <div class=\"p-wrapper hover-default\">\n                                    <img width=\"2560\" height=\"1710\" src=\"https:\/\/hevige.com\/wp-content\/uploads\/2021\/07\/produktion-3.jpg\" class=\"attachment-post-thumbnail size-post-thumbnail wp-post-image\" alt=\"Hevige production\" loading=\"lazy\" srcset=\"https:\/\/hevige.com\/wp-content\/uploads\/2021\/07\/produktion-3.jpg 2560w, https:\/\/hevige.com\/wp-content\/uploads\/2021\/07\/produktion-3-300x200.jpg 300w, https:\/\/hevige.com\/wp-content\/uploads\/2021\/07\/produktion-3-1024x684.jpg 1024w, https:\/\/hevige.com\/wp-content\/uploads\/2021\/07\/produktion-3-768x513.jpg 768w, https:\/\/hevige.com\/wp-content\/uploads\/2021\/07\/produktion-3-1536x1026.jpg 1536w, https:\/\/hevige.com\/wp-content\/uploads\/2021\/07\/produktion-3-2048x1368.jpg 2048w, https:\/\/hevige.com\/wp-content\/uploads\/2021\/07\/produktion-3-16x12.jpg 16w\" sizes=\"(max-width: 2560px) 100vw, 2560px\" \/>\n                                    <div class=\"p-hover\">\n                                        <div class=\"p-content\">\n                                            <h4><\/h4>\n                                            <h6 class=\"subheading\"><\/h6>\n                                        <\/div>\n                                    <\/div>\n                                    \n                        <a class=\"open-btn open-gallery\" href=\"https:\/\/hevige.com\/wp-content\/uploads\/2021\/07\/produktion-3.jpg\">\n                            <i class=\"fa fa-expand\"><\/i>\n                        <\/a>\n                                <\/div>\n                            <\/div><\/div>[\/vc_column][\/vc_row][vc_row][vc_column][vc_empty_space height=&#8221;60px&#8221;]\n        <div class=\"wow\"  data-wow-duration=\"1.5s\" data-wow-delay=\"2s\">\n        <div class=\"btn_align_center\">\n            <a href=\"https:\/\/hevige.com\/en\/produktion\/\" id=\"d-custom-vc-btn-style-2\" class=\"btn-ghost\" title=\"Production\">more information\n            <\/a>\n        <\/div><\/div>[vc_empty_space height=&#8221;100px&#8221;][\/vc_column][\/vc_row][vc_row row_type=&#8221;full-width&#8221; el_id=&#8221;kontakt&#8221;][vc_column no_gap_check=&#8221;no-gap&#8221;]\n\t\t\t<div class=\"contact-4\">\n\t\t\t\t<div class=\"vc_col-lg-6 no-gap contact-info\">\n\t\t\t\t\t<div id=\"definity-gmap-1\" class=\"definity-gmap\" style=\"height:790px;\"><\/div>\n\t\t\t\t\t<address class=\"contact-info-wrapper\"  style=\"background-color: #000000;\" >\n\t\t\t\t\t\t<ul>\n\t\t\t\t\t\t\t\n\t\t\t<li class=\"contact-group\"><span class=\"adr-heading\"><span>Phone<\/span><\/span><span class=\"adr-info\"><p>+49 2823 419680<\/p><\/span><\/li>\n\t\t\t\t\t\t\t\n            <li class=\"contact-group\"><span class=\"adr-heading\"><span>Address<\/span><\/span><span class=\"adr-info\"><p><span id=\"eeb-281075-887962\"><\/span><script type=\"text\/javascript\">(function(){var ml=\"t1Sne%iB.02r9\",mi=\"7;6434;5:920;85:91<:\",o=\"\";for(var j=0,l=mi.length;j<l;j++){o+=ml.charAt(mi.charCodeAt(j)-48);}document.getElementById(\"eeb-281075-887962\").innerHTML = decodeURIComponent(o);}());<\/script><noscript>*protected email*<\/noscript><\/p><\/span><span class=\"adr-info\"><p><span id=\"eeb-141861-134418\"><\/span><script type=\"text\/javascript\">(function(){var ml=\"20475v%3Kle\",mi=\"2347760189:5:\",o=\"\";for(var j=0,l=mi.length;j<l;j++){o+=ml.charAt(mi.charCodeAt(j)-48);}document.getElementById(\"eeb-141861-134418\").innerHTML = decodeURIComponent(o);}());<\/script><noscript>*protected email*<\/noscript><\/p><\/span><span class=\"adr-info\"><p><span id=\"eeb-932127-960393\"><\/span><script type=\"text\/javascript\">(function(){var ml=\"dtshlDceaun\",mi=\"579126348:0\",o=\"\";for(var j=0,l=mi.length;j<l;j++){o+=ml.charAt(mi.charCodeAt(j)-48);}document.getElementById(\"eeb-932127-960393\").innerHTML = decodeURIComponent(o);}());<\/script><noscript>*protected email*<\/noscript><\/p><\/span><\/li>\n\t\t\t\t\t\t<\/ul>\n\t\t\t\t\t\t<ul>\n\t\t\t\t\t\t\t\n\t\t\t<li class=\"contact-group\"><span class=\"adr-heading\"><span>Mail<\/span><\/span><span class=\"adr-info\"><p><span id=\"eeb-20507-554808\"><\/span><script type=\"text\/javascript\">(function(){var ml=\"%cogve.nmh40fi\",mi=\"=7<20:;954=356128\",o=\"\";for(var j=0,l=mi.length;j<l;j++){o+=ml.charAt(mi.charCodeAt(j)-48);}document.getElementById(\"eeb-20507-554808\").innerHTML = decodeURIComponent(o);}());<\/script><noscript>*protected email*<\/noscript><\/p><\/span><\/li>\n\t\t\t\t\t\t\t\n\t\t\t\t\t\t<\/ul>\n\n\t\t\t\t\t<\/address>\n\t\t\t\t<\/div>\n\t\t\t\t<div class=\"vc_col-lg-6 contact-form\" style=\"padding-top:100px; padding-bottom:0px;\">\n\t\t\t\t\t\n\t\t<header class=\"sec-heading\">\n\t\t\t<h2>Contact<\/h2>\n\t\t\t\n\t\t<\/header>\n\t\t\t\t\t<div role=\"form\" class=\"wpcf7\" id=\"wpcf7-f2783-o1\" lang=\"en-US\" dir=\"ltr\">\n<div class=\"screen-reader-response\"><p role=\"status\" aria-live=\"polite\" aria-atomic=\"true\"><\/p> <ul><\/ul><\/div>\n<form action=\"\/en\/wp-json\/wp\/v2\/pages\/4273#wpcf7-f2783-o1\" method=\"post\" class=\"wpcf7-form init form-minimal\" novalidate=\"novalidate\" data-status=\"init\" data-trp-original-action=\"\/en\/wp-json\/wp\/v2\/pages\/4273#wpcf7-f2783-o1\">\n<div style=\"display: none;\">\n<input type=\"hidden\" name=\"_wpcf7\" value=\"2783\" \/>\n<input type=\"hidden\" name=\"_wpcf7_version\" value=\"5.3.2\" \/>\n<input type=\"hidden\" name=\"_wpcf7_locale\" value=\"en_US\" \/>\n<input type=\"hidden\" name=\"_wpcf7_unit_tag\" value=\"wpcf7-f2783-o1\" \/>\n<input type=\"hidden\" name=\"_wpcf7_container_post\" value=\"0\" \/>\n<input type=\"hidden\" name=\"_wpcf7_posted_data_hash\" value=\"\" \/>\n<input type=\"hidden\" name=\"_wpcf7cf_hidden_group_fields\" value=\"\" \/>\n<input type=\"hidden\" name=\"_wpcf7cf_hidden_groups\" value=\"\" \/>\n<input type=\"hidden\" name=\"_wpcf7cf_visible_groups\" value=\"\" \/>\n<input type=\"hidden\" name=\"_wpcf7cf_repeaters\" value=\"[]\" \/>\n<input type=\"hidden\" name=\"_wpcf7cf_steps\" value=\"{}\" \/>\n<input type=\"hidden\" name=\"_wpcf7cf_options\" value=\"{&quot;form_id&quot;:2783,&quot;conditions&quot;:[],&quot;settings&quot;:{&quot;animation&quot;:&quot;yes&quot;,&quot;animation_intime&quot;:200,&quot;animation_outtime&quot;:200,&quot;conditions_ui&quot;:&quot;normal&quot;,&quot;notice_dismissed&quot;:false}}\" \/>\n<\/div>\n<div class=\"form-group\">\n<label for=\"contact-name\">Name<\/label><br \/>\n<span class=\"wpcf7-form-control-wrap contact-name\"><input type=\"text\" name=\"contact-name\" value=\"\" size=\"40\" class=\"wpcf7-form-control wpcf7-text wpcf7-validates-as-required form-control\" aria-required=\"true\" aria-invalid=\"false\" placeholder=\"Your name\" \/><\/span>\n<\/div>\n<div class=\"form-group\">\n<label for=\"contact-email\">Mail Adress<\/label><br \/>\n<span class=\"wpcf7-form-control-wrap contact-email\"><input type=\"email\" name=\"contact-email\" value=\"\" size=\"40\" class=\"wpcf7-form-control wpcf7-text wpcf7-email wpcf7-validates-as-required wpcf7-validates-as-email form-control\" aria-required=\"true\" aria-invalid=\"false\" placeholder=\"Your mail address\" \/><\/span>\n<\/div>\n<div class=\"form-group\">\n<label for=\"contact-subject\">Who are you?<\/label><br \/>\n<span class=\"wpcf7-form-control-wrap contact-subject\"><span class=\"wpcf7-form-control wpcf7-radio\"><span class=\"wpcf7-list-item first\"><label><input type=\"radio\" name=\"contact-subject\" value=\"Privatperson\" checked=\"checked\" \/><span class=\"wpcf7-list-item-label\">Private Person<\/span><\/label><\/span><span class=\"wpcf7-list-item\"><label><input type=\"radio\" name=\"contact-subject\" value=\"H\u00e4ndler\" \/><span class=\"wpcf7-list-item-label\">Sales person<\/span><\/label><\/span><span class=\"wpcf7-list-item last\"><label><input type=\"radio\" name=\"contact-subject\" value=\"HEVIGE-Teamrider Interessent\" \/><span class=\"wpcf7-list-item-label\">hevige teamrider- prospective buyer<\/span><\/label><\/span><\/span><\/span><br \/>\n<a class=\"more-details\" href=\"https:\/\/hevige.com\/en\/faq\/\" title=\"F.A.Q.\" target=\"_blank\">more information<\/a>\n<\/div>\n<div class=\"form-group\">\n<label for=\"contact-message\">Message<\/label><br \/>\n<span class=\"wpcf7-form-control-wrap contact-message\"><textarea name=\"contact-message\" cols=\"40\" rows=\"10\" class=\"wpcf7-form-control wpcf7-textarea wpcf7-validates-as-required form-control\" aria-required=\"true\" aria-invalid=\"false\" placeholder=\"send us a message...\"><\/textarea><\/span>\n<\/div>\n<p><input type=\"submit\" value=\"send\" class=\"wpcf7-form-control wpcf7-submit btn pull-right\" \/><br \/>\n<input type=\"hidden\" name=\"_cf7msm_multistep_tag\" value=\"{&quot;first_step&quot;:1,&quot;send_email&quot;:1,&quot;next_url&quot;:&quot;https:\\\/\\\/hevige.com\\\/danke\\\/&quot;}\" class=\"wpcf7-form-control cf7msm-multistep wpcf7-multistep\" \/><input type=\"hidden\" name=\"cf7msm-no-ss\" value=\"\" \/><\/p>\n<div class=\"wpcf7-response-output\" aria-hidden=\"true\"><\/div><input type=\"hidden\" name=\"trp-form-language\" value=\"en\"\/><\/form><\/div>\n\t\t\t\t<\/div>\n\t\t\t<\/div>[\/vc_column][\/vc_row]<\/p>","protected":false},"excerpt":{"rendered":"<p>[vc_row background=&#8221;#000000&#8243;][vc_column][\/vc_column][\/vc_row][vc_row][vc_column][vc_empty_space height=&#8221;100px&#8221;][vc_empty_space height=&#8221;50px&#8221;][\/vc_column][\/vc_row][vc_row][vc_column width=&#8221;1\/3&#8243;][\/vc_column][vc_column width=&#8221;1\/3&#8243;][\/vc_column][vc_column width=&#8221;1\/3&#8243;][\/vc_column][\/vc_row][vc_row][vc_column][vc_empty_space height=&#8221;60px&#8221;][vc_empty_space height=&#8221;100px&#8221;][\/vc_column][\/vc_row][vc_row background=&#8221;#000000&#8243;][vc_column][vc_empty_space height=&#8221;75px&#8221;][\/vc_column][\/vc_row][vc_row][vc_column][vc_empty_space height=&#8221;100px&#8221;][\/vc_column][\/vc_row][vc_row][vc_column width=&#8221;1\/2&#8243;][vc_single_image image=&#8221;5115&#8243; img_size=&#8221;500&#215;176&#8243; alignment=&#8221;center&#8221;][\/vc_column][vc_column width=&#8221;1\/2&#8243;][\/vc_column][\/vc_row][vc_row][vc_column][vc_empty_space height=&#8221;60px&#8221;][vc_empty_space height=&#8221;100px&#8221;][\/vc_column][\/vc_row][vc_row background=&#8221;#000000&#8243;][vc_column][vc_empty_space height=&#8221;75px&#8221;][\/vc_column][\/vc_row][vc_row][vc_column][vc_empty_space height=&#8221;100px&#8221;][vc_empty_space &hellip; <\/p>\n<p><a href=\"https:\/\/hevige.com\/en\/portfolio\/4801-2\/\" class=\"read-more-btn btn btn-small\">Read More<span class=\"screen-reader-text\"><\/span><\/a><\/p>","protected":false},"author":1,"featured_media":0,"parent":0,"menu_order":0,"comment_status":"closed","ping_status":"closed","template":"page-vc.php","meta":[],"yoast_head":"<!-- This site is optimized with the Yoast SEO plugin v15.5 - https:\/\/yoast.com\/wordpress\/plugins\/seo\/ -->\n<title>HEVIGE\u00ae Kiteboardig | High End Kiteboards<\/title>\n<meta name=\"description\" content=\"Hersteller von premium Kiteboards |German Engineering! Entdecke den neuen Gamechanger! Das besondere Board aus Carbon!\" \/>\n<meta name=\"robots\" content=\"index, follow, max-snippet:-1, max-image-preview:large, max-video-preview:-1\" \/>\n<link rel=\"canonical\" href=\"https:\/\/hevige.com\/en\/\" \/>\n<meta property=\"og:locale\" content=\"en_US\" \/>\n<meta property=\"og:type\" content=\"article\" \/>\n<meta property=\"og:title\" content=\"HEVIGE\u00ae Kiteboardig | High End Kiteboards\" \/>\n<meta property=\"og:description\" content=\"Hersteller von premium Kiteboards |German Engineering! Entdecke den neuen Gamechanger! Das besondere Board aus Carbon!\" \/>\n<meta property=\"og:url\" content=\"https:\/\/hevige.com\/en\/\" \/>\n<meta property=\"og:site_name\" content=\"HEVIGE\" \/>\n<meta property=\"article:modified_time\" content=\"2021-07-02T14:25:52+00:00\" \/>\n<meta name=\"twitter:card\" content=\"summary_large_image\" \/>\n<meta name=\"twitter:label1\" content=\"Est. reading time\">\n\t<meta name=\"twitter:data1\" content=\"2 minutes\">\n<script type=\"application\/ld+json\" class=\"yoast-schema-graph\">{\"@context\":\"https:\/\/schema.org\",\"@graph\":[{\"@type\":\"WebSite\",\"@id\":\"https:\/\/hevige.com\/#website\",\"url\":\"https:\/\/hevige.com\/\",\"name\":\"HEVIGE\",\"description\":\"Der Gamechanger im Kiteboarding\",\"potentialAction\":[{\"@type\":\"SearchAction\",\"target\":\"https:\/\/hevige.com\/?s={search_term_string}\",\"query-input\":\"required name=search_term_string\"}],\"inLanguage\":\"en-US\"},{\"@type\":\"WebPage\",\"@id\":\"https:\/\/hevige.com\/#webpage\",\"url\":\"https:\/\/hevige.com\/\",\"name\":\"HEVIGE\\u00ae Kiteboardig | High End Kiteboards\",\"isPartOf\":{\"@id\":\"https:\/\/hevige.com\/#website\"},\"datePublished\":\"2017-06-24T22:29:04+00:00\",\"dateModified\":\"2021-07-02T14:25:52+00:00\",\"description\":\"Hersteller von premium Kiteboards |German Engineering! Entdecke den neuen Gamechanger! Das besondere Board aus Carbon!\",\"inLanguage\":\"en-US\",\"potentialAction\":[{\"@type\":\"ReadAction\",\"target\":[\"https:\/\/hevige.com\/\"]}]}]}<\/script>\n<!-- \/ Yoast SEO plugin. -->","_links":{"self":[{"href":"https:\/\/hevige.com\/en\/wp-json\/wp\/v2\/pages\/4273"}],"collection":[{"href":"https:\/\/hevige.com\/en\/wp-json\/wp\/v2\/pages"}],"about":[{"href":"https:\/\/hevige.com\/en\/wp-json\/wp\/v2\/types\/page"}],"author":[{"embeddable":true,"href":"https:\/\/hevige.com\/en\/wp-json\/wp\/v2\/users\/1"}],"replies":[{"embeddable":true,"href":"https:\/\/hevige.com\/en\/wp-json\/wp\/v2\/comments?post=4273"}],"version-history":[{"count":155,"href":"https:\/\/hevige.com\/en\/wp-json\/wp\/v2\/pages\/4273\/revisions"}],"predecessor-version":[{"id":5766,"href":"https:\/\/hevige.com\/en\/wp-json\/wp\/v2\/pages\/4273\/revisions\/5766"}],"wp:attachment":[{"href":"https:\/\/hevige.com\/en\/wp-json\/wp\/v2\/media?parent=4273"}],"curies":[{"name":"wp","href":"https:\/\/api.w.org\/{rel}","templated":true}]}}