{"id":3582,"date":"2017-03-11T20:21:16","date_gmt":"2017-03-11T19:21:16","guid":{"rendered":"http:\/\/themes.89elements.com\/definity-data\/?page_id=3582"},"modified":"2021-02-16T09:17:49","modified_gmt":"2021-02-16T08:17:49","slug":"faq","status":"publish","type":"page","link":"https:\/\/hevige.com\/en\/faq\/","title":{"rendered":"F.A.Q."},"content":{"rendered":"<p>[vc_row row_type=&#8221;full-width&#8221;][vc_column no_gap_check=&#8221;no-gap&#8221;]<header class=\"page-title vc-pt vc_pt_id_0 pt-medium\" >\n        \t<div class=\"bg-overlay\">\n        \t\t<div class=\"container\">\n        \t\t\t<div class=\"row\">\n        \t\t\t\t<div class=\"col-md-6\">\n        \t\t\t\t\t<h1 class=\"bpt-title-color\">FREQUENTLY ASKED QUESTIONS<\/h1>\n        \t\t\t\t\t\n        \t\t\t\t<\/div><ol class=\"col-md-6 text-right breadcrumb\"><li class=\"item-home\"><a class=\"bread-link bread-home\" href=\"https:\/\/hevige.com\/en\/\" title=\"Home\">Home<\/a><\/li><\/ol><\/div>\n        \t\t<\/div>\n        \t<\/div>\n        <\/header>[\/vc_column][\/vc_row][vc_row][vc_column][vc_empty_space height=&#8221;160px&#8221;][\/vc_column][\/vc_row][vc_row][vc_column width=&#8221;1\/4&#8243;][\/vc_column][vc_column width=&#8221;1\/2&#8243;][vc_tta_accordion style=&#8221;modern&#8221; shape=&#8221;square&#8221; spacing=&#8221;1&#8243; gap=&#8221;15&#8243; c_icon=&#8221;chevron&#8221; c_position=&#8221;right&#8221; active_section=&#8221;1&#8243; collapsible_all=&#8221;true&#8221;][vc_tta_section title=&#8221;Weche Boardgr\u00f6\u00dfe passt zu mir?&#8221; tab_id=&#8221;boardgroesse&#8221;][vc_column_text]Grunds\u00e4tzlich kommt es auch auf die Vorlieben eines jeden einzelnen und auf die Windbedingungen an. Wir empfehlen bei mittleren Windbedingungen ( von 14 bis zu ca. 26 Knoten)<\/p>\n<p>1330x410mm:<br \/>\nFor riders up to 65 kg<\/p>\n<p>1360&#215;422:<br \/>\nFor riders from 65 kg up to 85 kg<\/p>\n<p>1400&#215;435:<br \/>\nFahrer zwischen 75 und 110 Kg[\/vc_column_text][\/vc_tta_section][vc_tta_section title=&#8221;Wie kann ich als H\u00e4ndler HEVIGE Produkte vermarkten?&#8221; tab_id=&#8221;haendler&#8221;][vc_column_text]Wir freuen uns \u00fcber dein Interesse an unseren Produkten.<\/p>\n<p>Please get in touch with our <a href=\"https:\/\/hevige.com\/en\/\" target=\"_blank\" rel=\"noopener noreferrer\">form of contact<\/a> .<\/p>\n<p>Wir werden uns umgehend bei dir zur\u00fcckmelden und alle M\u00f6glichkeiten mit dir besprechen.[\/vc_column_text][\/vc_tta_section][vc_tta_section title=&#8221;Wie kann ich ein Teamrider von HEVIGE werden?&#8221; tab_id=&#8221;teamrider&#8221;][vc_column_text]Du bist ein richtig guter Kitesurfer und bist von HEVIGE-Produkten begeistert? Wir suchen laufend nach Kitesurfern die ein Teil von HEVIGE werden m\u00f6chten.<br \/>\nAs a teamrider you should:<\/p>\n<ul>\n<li>Actively kite at local spots<\/li>\n<li>Connect with others from the kiteboarding scene<\/li>\n<li>Be a experienced kitesurfer<\/li>\n<\/ul>\n<p>As a teamrider you will represent our products!<br \/>\nIf you are interested, please get in touch with our <a href=\"https:\/\/hevige.com\/en\/\" target=\"_blank\" rel=\"noopener noreferrer\">form of contact<\/a>. Wir werden uns umgehend bei dir melden![\/vc_column_text][\/vc_tta_section][vc_tta_section title=&#8221;Passen die Slimline 44 Fins an ein anderes Board?&#8221; tab_id=&#8221;fins-anderes-board&#8221;][vc_column_text]Der Lochabstand entspricht dem Standard (38mm\/M6).<br \/>\nDie Finnen passen somit auch an andere Boards![\/vc_column_text][\/vc_tta_section][vc_tta_section title=&#8221;Welchen Lochabstand hat der Griff?&#8221; tab_id=&#8221;lochabstand-griff&#8221;][vc_column_text]Der Lochabstand betr\u00e4gt 200mm.<br \/>\n[\/vc_column_text][\/vc_tta_section][vc_tta_section title=&#8221;Passen meine Bindungen auf das Board? Wie ist die Inserttiefe?&#8221; tab_id=&#8221;inserttiefe&#8221;][vc_column_text]Die Lochabst\u00e4nde entsprechen dem aktuellen Standard(6 zoll\/inch) somit passen die meisten Bindungen auf das M1.<\/p>\n<p>Die Inserttiefe betr\u00e4gt 9mm. Alle Herk\u00f6mmlichen Bindungen passen somit auf das Board.[\/vc_column_text][\/vc_tta_section][\/vc_tta_accordion][vc_column_text]Bei weiteren Fragen nutze bitte unser <a href=\"https:\/\/hevige.com\/en\/\">form of contact<\/a>.[\/vc_column_text][\/vc_column][vc_column width=&#8221;1\/4&#8243;][\/vc_column][\/vc_row][vc_row][vc_column][vc_empty_space height=&#8221;100px&#8221;][\/vc_column][\/vc_row]<\/p>","protected":false},"excerpt":{"rendered":"<p>[vc_row row_type=&#8221;full-width&#8221;][vc_column no_gap_check=&#8221;no-gap&#8221;][\/vc_column][\/vc_row][vc_row][vc_column][vc_empty_space height=&#8221;160px&#8221;][\/vc_column][\/vc_row][vc_row][vc_column width=&#8221;1\/4&#8243;][\/vc_column][vc_column width=&#8221;1\/2&#8243;][vc_tta_accordion style=&#8221;modern&#8221; shape=&#8221;square&#8221; spacing=&#8221;1&#8243; gap=&#8221;15&#8243; c_icon=&#8221;chevron&#8221; c_position=&#8221;right&#8221; active_section=&#8221;1&#8243; collapsible_all=&#8221;true&#8221;][vc_tta_section title=&#8221;Weche Boardgr\u00f6\u00dfe passt zu mir?&#8221; tab_id=&#8221;boardgroesse&#8221;][vc_column_text]Grunds\u00e4tzlich kommt es &hellip; <\/p>\n<p><a href=\"https:\/\/hevige.com\/en\/faq\/\" class=\"read-more-btn btn btn-small\">Read More<span class=\"screen-reader-text\">F.A.Q.<\/span><\/a><\/p>","protected":false},"author":1,"featured_media":0,"parent":0,"menu_order":0,"comment_status":"closed","ping_status":"closed","template":"page-vc.php","meta":[],"yoast_head":"<!-- This site is optimized with the Yoast SEO plugin v15.5 - https:\/\/yoast.com\/wordpress\/plugins\/seo\/ -->\n<title>FAQ | HEVIGE\u00ae | Freeride\/Freestyle\/Wakestyle<\/title>\n<meta name=\"description\" content=\"Kitesurfing | Big Air\/Wave\/Raley\/S-Bend\/Carved Turns\/Backoll\/Handlepass\/Kiteloop\/F-16\/Tantrum\/315\" \/>\n<meta name=\"robots\" content=\"index, follow, max-snippet:-1, max-image-preview:large, max-video-preview:-1\" \/>\n<link rel=\"canonical\" href=\"https:\/\/hevige.com\/en\/faq\/\" \/>\n<meta property=\"og:locale\" content=\"en_US\" \/>\n<meta property=\"og:type\" content=\"article\" \/>\n<meta property=\"og:title\" content=\"FAQ | HEVIGE\u00ae | Freeride\/Freestyle\/Wakestyle\" \/>\n<meta property=\"og:description\" content=\"Kitesurfing | Big Air\/Wave\/Raley\/S-Bend\/Carved Turns\/Backoll\/Handlepass\/Kiteloop\/F-16\/Tantrum\/315\" \/>\n<meta property=\"og:url\" content=\"https:\/\/hevige.com\/en\/faq\/\" \/>\n<meta property=\"og:site_name\" content=\"HEVIGE\" \/>\n<meta property=\"article:modified_time\" content=\"2021-02-16T08:17:49+00:00\" \/>\n<meta name=\"twitter:card\" content=\"summary_large_image\" \/>\n<meta name=\"twitter:label1\" content=\"Est. reading time\">\n\t<meta name=\"twitter:data1\" content=\"2 minutes\">\n<script type=\"application\/ld+json\" class=\"yoast-schema-graph\">{\"@context\":\"https:\/\/schema.org\",\"@graph\":[{\"@type\":\"WebSite\",\"@id\":\"https:\/\/hevige.com\/#website\",\"url\":\"https:\/\/hevige.com\/\",\"name\":\"HEVIGE\",\"description\":\"Der Gamechanger im Kiteboarding\",\"potentialAction\":[{\"@type\":\"SearchAction\",\"target\":\"https:\/\/hevige.com\/?s={search_term_string}\",\"query-input\":\"required name=search_term_string\"}],\"inLanguage\":\"en-US\"},{\"@type\":\"WebPage\",\"@id\":\"https:\/\/hevige.com\/faq\/#webpage\",\"url\":\"https:\/\/hevige.com\/faq\/\",\"name\":\"FAQ | HEVIGE\\u00ae | Freeride\/Freestyle\/Wakestyle\",\"isPartOf\":{\"@id\":\"https:\/\/hevige.com\/#website\"},\"datePublished\":\"2017-03-11T19:21:16+00:00\",\"dateModified\":\"2021-02-16T08:17:49+00:00\",\"description\":\"Kitesurfing | Big Air\/Wave\/Raley\/S-Bend\/Carved Turns\/Backoll\/Handlepass\/Kiteloop\/F-16\/Tantrum\/315\",\"inLanguage\":\"en-US\",\"potentialAction\":[{\"@type\":\"ReadAction\",\"target\":[\"https:\/\/hevige.com\/faq\/\"]}]}]}<\/script>\n<!-- \/ Yoast SEO plugin. -->","_links":{"self":[{"href":"https:\/\/hevige.com\/en\/wp-json\/wp\/v2\/pages\/3582"}],"collection":[{"href":"https:\/\/hevige.com\/en\/wp-json\/wp\/v2\/pages"}],"about":[{"href":"https:\/\/hevige.com\/en\/wp-json\/wp\/v2\/types\/page"}],"author":[{"embeddable":true,"href":"https:\/\/hevige.com\/en\/wp-json\/wp\/v2\/users\/1"}],"replies":[{"embeddable":true,"href":"https:\/\/hevige.com\/en\/wp-json\/wp\/v2\/comments?post=3582"}],"version-history":[{"count":18,"href":"https:\/\/hevige.com\/en\/wp-json\/wp\/v2\/pages\/3582\/revisions"}],"predecessor-version":[{"id":5643,"href":"https:\/\/hevige.com\/en\/wp-json\/wp\/v2\/pages\/3582\/revisions\/5643"}],"wp:attachment":[{"href":"https:\/\/hevige.com\/en\/wp-json\/wp\/v2\/media?parent=3582"}],"curies":[{"name":"wp","href":"https:\/\/api.w.org\/{rel}","templated":true}]}}